{"id":1026,"date":"2018-10-31T13:35:35","date_gmt":"2018-10-31T12:35:35","guid":{"rendered":"http:\/\/peinture-doury.fr\/?page_id=1026"},"modified":"2018-10-31T15:12:27","modified_gmt":"2018-10-31T14:12:27","slug":"fresque","status":"publish","type":"page","link":"https:\/\/peinture-doury.fr\/index.php\/fresque\/","title":{"rendered":"Fresque"},"content":{"rendered":"<h3><span style=\"color: #000080;\"><strong>Fresque<br \/>\nEco<span style=\"color: #000080;\">l<\/span><\/strong><strong>e de Ver-l\u00e8s-Chartres (28)<br \/>\n<\/strong><\/span><\/h3>\n<h3><span style=\"color: #000080;\"><strong>Pr\u00e9au ext\u00e9rieur \/ mars \u00e0 juin 2016\u00a0<\/strong><\/span><\/h3>\n<p><span style=\"color: #0000ff;\"><strong>En juin 2015, le syndicat scolaire de Ver-L\u00e8s-Chartres m&rsquo;a propos\u00e9 le projet d&rsquo;une cr\u00e9ation de fresque qui serait ensuite r\u00e9alis\u00e9e sur le mur du pr\u00e9au ext\u00e9rieur avec les enfants dans le cadre des Temps d&rsquo;Activit\u00e9s P\u00e9riscolaires.<\/strong><\/span><\/p>\n<p><span style=\"color: #0000ff;\"><b style=\"color: #0000ff;\">Avec les <\/b><span style=\"color: #0000ff;\"><b>\u00e9v\u00e9nements<\/b><\/span><b style=\"color: #0000ff;\">\u00a0tragiques de 2015, mes recherches se sont d&rsquo;\u00e9vidence orient\u00e9es autour du th\u00e8me de la fraternit\u00e9, du respect des diff\u00e9rences et du \u00ab\u00a0bien vivre\u00a0\u00bb ensemble. Et je souhaitais que ce message soit baign\u00e9 de sc\u00e8nes joyeuses et color\u00e9es !<\/b><\/span><\/p>\n<p><span style=\"color: #0000ff;\"><b style=\"color: #0000ff;\">Il fallait \u00e9galement que le graphisme et la mise en couleurs restent facilement r\u00e9alisables par des enfants d&rsquo;\u00e9cole primaire.<\/b><\/span><\/p>\n<p><span style=\"color: #0000ff;\"><b style=\"color: #0000ff;\">Afin qu&rsquo;elles s&rsquo;int\u00e8grent aux dimensions du pr\u00e9au, 9 m\u00e8tres de long sur 2,50 m\u00e8tres de haut, les diff\u00e9rentes planches de ma maquette furent report\u00e9es \u00e0 l&rsquo;\u00e9chelle.<br \/>\nMais comment reporter cette maquette sur un mur ext\u00e9rieur rempli de lumi\u00e8re en plein apr\u00e8s midi ? Ricardo et Jean-Pierre du service technique ont fait preuve de beaucoup d&rsquo;ing\u00e9niosit\u00e9,\u00a0 pour nous plonger \u00e0 la fois dans l&rsquo;ombre en plein jour ensoleill\u00e9 et permettre aux enfants d&rsquo;atteindre pinceaux en main la hauteur de 2,50m!<\/b><\/span><\/p>\n<p><span style=\"color: #0000ff;\"><strong>Aid\u00e9e de Fran\u00e7oise que je remercie pour son aide sans faille et pour ses superbes photos, nous avons de mars \u00e0 juin 2016 avec les enfants volontaires, les Atsem, Virginie et Christelle, avanc\u00e9 pas \u00e0 pas en partageant de beaux moments&#8230;&#8230;fraternels.<\/strong><\/span><\/p>\n<h3><span style=\"color: #000080;\"><strong>\u00a0<\/strong><\/span><\/h3>\n<div id='gallery-1' class='gallery galleryid-1026 gallery-columns-3 gallery-size-thumbnail'><figure class='gallery-item'>\n\t\t\t<div class='gallery-icon landscape'>\n\t\t\t\t<a href='https:\/\/peinture-doury.fr\/index.php\/fresque\/1-2016-03-11-1er-jour\/'><img loading=\"lazy\" decoding=\"async\" width=\"150\" height=\"150\" src=\"https:\/\/peinture-doury.fr\/wp-content\/uploads\/2018\/10\/1-2016.03.11-1er-jour-150x150.jpg\" class=\"attachment-thumbnail size-thumbnail\" alt=\"\" srcset=\"https:\/\/peinture-doury.fr\/wp-content\/uploads\/2018\/10\/1-2016.03.11-1er-jour-150x150.jpg 150w, https:\/\/peinture-doury.fr\/wp-content\/uploads\/2018\/10\/1-2016.03.11-1er-jour-300x300.jpg 300w, https:\/\/peinture-doury.fr\/wp-content\/uploads\/2018\/10\/1-2016.03.11-1er-jour-1024x1024.jpg 1024w, https:\/\/peinture-doury.fr\/wp-content\/uploads\/2018\/10\/1-2016.03.11-1er-jour.jpg 1200w\" sizes=\"auto, (max-width: 150px) 100vw, 150px\" \/><\/a>\n\t\t\t<\/div><\/figure><figure class='gallery-item'>\n\t\t\t<div class='gallery-icon landscape'>\n\t\t\t\t<a href='https:\/\/peinture-doury.fr\/index.php\/fresque\/5-2016-03-11-3\/'><img loading=\"lazy\" decoding=\"async\" width=\"150\" height=\"150\" src=\"https:\/\/peinture-doury.fr\/wp-content\/uploads\/2018\/10\/5-2016.03.11-3-150x150.jpg\" class=\"attachment-thumbnail size-thumbnail\" alt=\"\" srcset=\"https:\/\/peinture-doury.fr\/wp-content\/uploads\/2018\/10\/5-2016.03.11-3-150x150.jpg 150w, https:\/\/peinture-doury.fr\/wp-content\/uploads\/2018\/10\/5-2016.03.11-3-300x300.jpg 300w, https:\/\/peinture-doury.fr\/wp-content\/uploads\/2018\/10\/5-2016.03.11-3-1024x1024.jpg 1024w, https:\/\/peinture-doury.fr\/wp-content\/uploads\/2018\/10\/5-2016.03.11-3.jpg 1200w\" sizes=\"auto, (max-width: 150px) 100vw, 150px\" \/><\/a>\n\t\t\t<\/div><\/figure><figure class='gallery-item'>\n\t\t\t<div class='gallery-icon landscape'>\n\t\t\t\t<a href='https:\/\/peinture-doury.fr\/index.php\/fresque\/attachment\/7\/'><img loading=\"lazy\" decoding=\"async\" width=\"150\" height=\"150\" src=\"https:\/\/peinture-doury.fr\/wp-content\/uploads\/2018\/10\/7-150x150.jpg\" class=\"attachment-thumbnail size-thumbnail\" alt=\"\" srcset=\"https:\/\/peinture-doury.fr\/wp-content\/uploads\/2018\/10\/7-150x150.jpg 150w, https:\/\/peinture-doury.fr\/wp-content\/uploads\/2018\/10\/7-300x300.jpg 300w, https:\/\/peinture-doury.fr\/wp-content\/uploads\/2018\/10\/7-1024x1024.jpg 1024w, https:\/\/peinture-doury.fr\/wp-content\/uploads\/2018\/10\/7.jpg 1200w\" sizes=\"auto, (max-width: 150px) 100vw, 150px\" \/><\/a>\n\t\t\t<\/div><\/figure><figure class='gallery-item'>\n\t\t\t<div class='gallery-icon landscape'>\n\t\t\t\t<a href='https:\/\/peinture-doury.fr\/index.php\/fresque\/19a-on-attaque-la-couleur-1\/'><img loading=\"lazy\" decoding=\"async\" width=\"150\" height=\"150\" src=\"https:\/\/peinture-doury.fr\/wp-content\/uploads\/2018\/10\/19a-On-attaque-la-couleur-1-150x150.jpg\" class=\"attachment-thumbnail size-thumbnail\" alt=\"\" \/><\/a>\n\t\t\t<\/div><\/figure><figure class='gallery-item'>\n\t\t\t<div class='gallery-icon landscape'>\n\t\t\t\t<a href='https:\/\/peinture-doury.fr\/index.php\/fresque\/23a-la-couleur-1\/'><img loading=\"lazy\" decoding=\"async\" width=\"150\" height=\"150\" src=\"https:\/\/peinture-doury.fr\/wp-content\/uploads\/2018\/10\/23a-la-couleur-1-150x150.jpg\" class=\"attachment-thumbnail size-thumbnail\" alt=\"\" \/><\/a>\n\t\t\t<\/div><\/figure><figure class='gallery-item'>\n\t\t\t<div class='gallery-icon landscape'>\n\t\t\t\t<a href='https:\/\/peinture-doury.fr\/index.php\/fresque\/44-le-materiel\/'><img loading=\"lazy\" decoding=\"async\" width=\"150\" height=\"150\" src=\"https:\/\/peinture-doury.fr\/wp-content\/uploads\/2018\/10\/44-le-mat\u00e9riel-150x150.jpg\" class=\"attachment-thumbnail size-thumbnail\" alt=\"\" \/><\/a>\n\t\t\t<\/div><\/figure><figure class='gallery-item'>\n\t\t\t<div class='gallery-icon landscape'>\n\t\t\t\t<a href='https:\/\/peinture-doury.fr\/index.php\/fresque\/66-cest-beau-1\/'><img loading=\"lazy\" decoding=\"async\" width=\"150\" height=\"150\" src=\"https:\/\/peinture-doury.fr\/wp-content\/uploads\/2018\/10\/66-cest-beau-1-150x150.jpg\" class=\"attachment-thumbnail size-thumbnail\" alt=\"\" \/><\/a>\n\t\t\t<\/div><\/figure><figure class='gallery-item'>\n\t\t\t<div class='gallery-icon landscape'>\n\t\t\t\t<a href='https:\/\/peinture-doury.fr\/index.php\/fresque\/attachment\/69\/'><img loading=\"lazy\" decoding=\"async\" width=\"150\" height=\"150\" src=\"https:\/\/peinture-doury.fr\/wp-content\/uploads\/2018\/10\/69-150x150.jpg\" class=\"attachment-thumbnail size-thumbnail\" alt=\"\" \/><\/a>\n\t\t\t<\/div><\/figure><figure class='gallery-item'>\n\t\t\t<div class='gallery-icon landscape'>\n\t\t\t\t<a href='https:\/\/peinture-doury.fr\/index.php\/fresque\/90-on-sapplique\/'><img loading=\"lazy\" decoding=\"async\" width=\"150\" height=\"150\" src=\"https:\/\/peinture-doury.fr\/wp-content\/uploads\/2018\/10\/90-on-sapplique-150x150.jpg\" class=\"attachment-thumbnail size-thumbnail\" alt=\"\" srcset=\"https:\/\/peinture-doury.fr\/wp-content\/uploads\/2018\/10\/90-on-sapplique-150x150.jpg 150w, https:\/\/peinture-doury.fr\/wp-content\/uploads\/2018\/10\/90-on-sapplique-300x300.jpg 300w, https:\/\/peinture-doury.fr\/wp-content\/uploads\/2018\/10\/90-on-sapplique-1024x1024.jpg 1024w, https:\/\/peinture-doury.fr\/wp-content\/uploads\/2018\/10\/90-on-sapplique.jpg 1200w\" sizes=\"auto, (max-width: 150px) 100vw, 150px\" \/><\/a>\n\t\t\t<\/div><\/figure><figure class='gallery-item'>\n\t\t\t<div class='gallery-icon landscape'>\n\t\t\t\t<a href='https:\/\/peinture-doury.fr\/index.php\/fresque\/attachment\/98\/'><img loading=\"lazy\" decoding=\"async\" width=\"150\" height=\"150\" src=\"https:\/\/peinture-doury.fr\/wp-content\/uploads\/2018\/10\/98-150x150.jpg\" class=\"attachment-thumbnail size-thumbnail\" alt=\"\" srcset=\"https:\/\/peinture-doury.fr\/wp-content\/uploads\/2018\/10\/98-150x150.jpg 150w, https:\/\/peinture-doury.fr\/wp-content\/uploads\/2018\/10\/98-300x300.jpg 300w, https:\/\/peinture-doury.fr\/wp-content\/uploads\/2018\/10\/98-1024x1024.jpg 1024w, https:\/\/peinture-doury.fr\/wp-content\/uploads\/2018\/10\/98.jpg 1200w\" sizes=\"auto, (max-width: 150px) 100vw, 150px\" \/><\/a>\n\t\t\t<\/div><\/figure><figure class='gallery-item'>\n\t\t\t<div class='gallery-icon landscape'>\n\t\t\t\t<a href='https:\/\/peinture-doury.fr\/index.php\/fresque\/attachment\/104\/'><img loading=\"lazy\" decoding=\"async\" width=\"150\" height=\"150\" src=\"https:\/\/peinture-doury.fr\/wp-content\/uploads\/2018\/10\/104-150x150.jpg\" class=\"attachment-thumbnail size-thumbnail\" alt=\"\" srcset=\"https:\/\/peinture-doury.fr\/wp-content\/uploads\/2018\/10\/104-150x150.jpg 150w, https:\/\/peinture-doury.fr\/wp-content\/uploads\/2018\/10\/104-300x300.jpg 300w, https:\/\/peinture-doury.fr\/wp-content\/uploads\/2018\/10\/104-1024x1024.jpg 1024w, https:\/\/peinture-doury.fr\/wp-content\/uploads\/2018\/10\/104.jpg 1200w\" sizes=\"auto, (max-width: 150px) 100vw, 150px\" \/><\/a>\n\t\t\t<\/div><\/figure><figure class='gallery-item'>\n\t\t\t<div class='gallery-icon landscape'>\n\t\t\t\t<a href='https:\/\/peinture-doury.fr\/index.php\/fresque\/118-2\/'><img loading=\"lazy\" decoding=\"async\" width=\"150\" height=\"150\" src=\"https:\/\/peinture-doury.fr\/wp-content\/uploads\/2018\/10\/118-2-150x150.jpg\" class=\"attachment-thumbnail size-thumbnail\" alt=\"\" srcset=\"https:\/\/peinture-doury.fr\/wp-content\/uploads\/2018\/10\/118-2-150x150.jpg 150w, https:\/\/peinture-doury.fr\/wp-content\/uploads\/2018\/10\/118-2-300x300.jpg 300w, https:\/\/peinture-doury.fr\/wp-content\/uploads\/2018\/10\/118-2-1024x1024.jpg 1024w, https:\/\/peinture-doury.fr\/wp-content\/uploads\/2018\/10\/118-2.jpg 1200w\" sizes=\"auto, (max-width: 150px) 100vw, 150px\" \/><\/a>\n\t\t\t<\/div><\/figure><figure class='gallery-item'>\n\t\t\t<div class='gallery-icon landscape'>\n\t\t\t\t<a href='https:\/\/peinture-doury.fr\/index.php\/fresque\/119a\/'><img loading=\"lazy\" decoding=\"async\" width=\"150\" height=\"150\" src=\"https:\/\/peinture-doury.fr\/wp-content\/uploads\/2018\/10\/119a-150x150.jpg\" class=\"attachment-thumbnail size-thumbnail\" alt=\"\" \/><\/a>\n\t\t\t<\/div><\/figure><figure class='gallery-item'>\n\t\t\t<div class='gallery-icon landscape'>\n\t\t\t\t<a href='https:\/\/peinture-doury.fr\/index.php\/fresque\/146-la-fin\/'><img loading=\"lazy\" decoding=\"async\" width=\"150\" height=\"150\" src=\"https:\/\/peinture-doury.fr\/wp-content\/uploads\/2018\/10\/146-La-fin-150x150.jpg\" class=\"attachment-thumbnail size-thumbnail\" alt=\"\" srcset=\"https:\/\/peinture-doury.fr\/wp-content\/uploads\/2018\/10\/146-La-fin-150x150.jpg 150w, https:\/\/peinture-doury.fr\/wp-content\/uploads\/2018\/10\/146-La-fin-300x300.jpg 300w, https:\/\/peinture-doury.fr\/wp-content\/uploads\/2018\/10\/146-La-fin-1024x1024.jpg 1024w, https:\/\/peinture-doury.fr\/wp-content\/uploads\/2018\/10\/146-La-fin.jpg 1200w\" sizes=\"auto, (max-width: 150px) 100vw, 150px\" \/><\/a>\n\t\t\t<\/div><\/figure><figure class='gallery-item'>\n\t\t\t<div class='gallery-icon landscape'>\n\t\t\t\t<a href='https:\/\/peinture-doury.fr\/index.php\/fresque\/echo-29juin-2016\/'><img loading=\"lazy\" decoding=\"async\" width=\"150\" height=\"150\" src=\"https:\/\/peinture-doury.fr\/wp-content\/uploads\/2018\/10\/Echo-29juin-2016-150x150.jpg\" class=\"attachment-thumbnail size-thumbnail\" alt=\"\" \/><\/a>\n\t\t\t<\/div><\/figure><figure class='gallery-item'>\n\t\t\t<div class='gallery-icon landscape'>\n\t\t\t\t<a href='https:\/\/peinture-doury.fr\/index.php\/fresque\/fresque-1\/'><img loading=\"lazy\" decoding=\"async\" width=\"150\" height=\"150\" src=\"https:\/\/peinture-doury.fr\/wp-content\/uploads\/2018\/10\/fresque-1-150x150.png\" class=\"attachment-thumbnail size-thumbnail\" alt=\"\" \/><\/a>\n\t\t\t<\/div><\/figure>\n\t\t<\/div>\n\n<h3><\/h3>\n<p>&nbsp;<\/p>\n","protected":false},"excerpt":{"rendered":"<p>Fresque Ecole de Ver-l\u00e8s-Chartres (28) Pr\u00e9au ext\u00e9rieur \/ mars \u00e0 juin 2016\u00a0 En juin 2015, le syndicat scolaire de Ver-L\u00e8s-Chartres m&rsquo;a propos\u00e9 le projet d&rsquo;une cr\u00e9ation de fresque qui serait ensuite r\u00e9alis\u00e9e sur le mur du pr\u00e9au ext\u00e9rieur avec les enfants dans le cadre des Temps d&rsquo;Activit\u00e9s P\u00e9riscolaires. Avec les \u00e9v\u00e9nements\u00a0tragiques de 2015, mes recherches &hellip; <a href=\"https:\/\/peinture-doury.fr\/index.php\/fresque\/\" class=\"more-link\">Continuer la lecture de <span class=\"screen-reader-text\">Fresque<\/span> <span class=\"meta-nav\">&rarr;<\/span><\/a><\/p>\n","protected":false},"author":1,"featured_media":0,"parent":0,"menu_order":0,"comment_status":"closed","ping_status":"closed","template":"","meta":{"footnotes":""},"class_list":["post-1026","page","type-page","status-publish","hentry"],"_links":{"self":[{"href":"https:\/\/peinture-doury.fr\/index.php\/wp-json\/wp\/v2\/pages\/1026","targetHints":{"allow":["GET"]}}],"collection":[{"href":"https:\/\/peinture-doury.fr\/index.php\/wp-json\/wp\/v2\/pages"}],"about":[{"href":"https:\/\/peinture-doury.fr\/index.php\/wp-json\/wp\/v2\/types\/page"}],"author":[{"embeddable":true,"href":"https:\/\/peinture-doury.fr\/index.php\/wp-json\/wp\/v2\/users\/1"}],"replies":[{"embeddable":true,"href":"https:\/\/peinture-doury.fr\/index.php\/wp-json\/wp\/v2\/comments?post=1026"}],"version-history":[{"count":8,"href":"https:\/\/peinture-doury.fr\/index.php\/wp-json\/wp\/v2\/pages\/1026\/revisions"}],"predecessor-version":[{"id":1056,"href":"https:\/\/peinture-doury.fr\/index.php\/wp-json\/wp\/v2\/pages\/1026\/revisions\/1056"}],"wp:attachment":[{"href":"https:\/\/peinture-doury.fr\/index.php\/wp-json\/wp\/v2\/media?parent=1026"}],"curies":[{"name":"wp","href":"https:\/\/api.w.org\/{rel}","templated":true}]}}